{"id":1007,"date":"2023-12-19T12:18:22","date_gmt":"2023-12-19T11:18:22","guid":{"rendered":"https:\/\/www.marynazubko.com\/?page_id=1007"},"modified":"2026-02-01T14:52:15","modified_gmt":"2026-02-01T13:52:15","slug":"schedule","status":"publish","type":"page","link":"https:\/\/www.marynazubko.com\/en\/schedule\/","title":{"rendered":"Schedule"},"content":{"rendered":"<section class=\"l-section wpb_row us_custom_f286db8e us_animate_this height_medium\"><div class=\"l-section-overlay\" style=\"background:rgba(0,0,0,0.25)\"><\/div><div class=\"l-section-h i-cf\"><div class=\"g-cols vc_row via_flex valign_bottom type_default stacking_default\"><div class=\"vc_col-sm-12 wpb_column vc_column_container\"><div class=\"vc_column-inner us_custom_5a4e8617\"><div class=\"wpb_wrapper\"><\/div><\/div><\/div><\/div><\/div><\/section><section class=\"l-section wpb_row height_medium\"><div class=\"l-section-h i-cf\"><div class=\"g-cols vc_row via_flex valign_top type_default stacking_default\"><div class=\"vc_col-sm-12 wpb_column vc_column_container\"><div class=\"vc_column-inner\"><div class=\"wpb_wrapper\"><div class=\"g-cols wpb_row via_flex valign_top type_default stacking_default\"><div class=\"vc_col-sm-12 wpb_column vc_column_container\"><div class=\"vc_column-inner\"><div class=\"wpb_wrapper\"><h3 class=\"w-text us_custom_7407219b\"><span class=\"w-text-h\"><span class=\"w-text-value\">Theatre: 2025 \/ 2026 Season<\/span><\/span><\/h3><\/div><\/div><\/div><\/div><div class=\"w-separator size_large\"><\/div><div class=\"w-grid us_grid type_grid layout_232 cols_1 preload_style_spinner\" id=\"us_grid_1\" style=\"--columns:1;--gap:1.5rem;\" data-filterable=\"true\"><style>.layout_232 .w-grid-item-h{}@media(max-width:609px){.layout_232 .usg_post_image_1{display:none!important}}.layout_232 .usg_post_image_1{width:150px!important}.layout_232 .usg_vwrapper_1{padding-left:20px!important;padding-bottom:50px!important}.layout_232 .usg_post_title_1{font-size:20px!important;font-weight:600!important}@media (min-width:1025px) and (max-width:1380px){.layout_232 .usg_vwrapper_1{padding-left:20px!important}}@media (min-width:601px) and (max-width:1024px){.layout_232 .usg_vwrapper_1{padding-left:20px!important}}@media (max-width:600px){.layout_232 .usg_vwrapper_1{padding-left:0!important}.layout_232 .usg_btn_1{margin-bottom:10px!important}}<\/style><div class=\"w-grid-list\">\t<article class=\"w-grid-item size_1x1 post-1807 auftritt type-auftritt status-publish has-post-thumbnail hentry category-auftritte\" data-id=\"1807\">\r\n\t\t<div class=\"w-grid-item-h\">\r\n\t\t\t\t\t\t<div class=\"w-hwrapper usg_hwrapper_1 align_none valign_center\" style=\"--hwrapper-gap:1.9rem\"><div class=\"w-post-elm post_image usg_post_image_1 has_width stretched\"><img loading=\"lazy\" decoding=\"async\" width=\"224\" height=\"224\" src=\"https:\/\/www.marynazubko.com\/wp-content\/uploads\/2023\/12\/Theater-Ulm.jpg\" class=\"attachment-full size-full wp-post-image\" alt=\"\" srcset=\"https:\/\/www.marynazubko.com\/wp-content\/uploads\/2023\/12\/Theater-Ulm.jpg 224w, https:\/\/www.marynazubko.com\/wp-content\/uploads\/2023\/12\/Theater-Ulm-150x150.jpg 150w\" sizes=\"auto, (max-width: 224px) 100vw, 224px\" \/><\/div><div class=\"w-vwrapper usg_vwrapper_1 align_none valign_top\" style=\"--vwrapper-gap:1.4rem\"><p class=\"w-post-elm post_title usg_post_title_1 entry-title color_link_inherit\">DIE MEISTERSINGER VON N\u00dcRNBERG: Eva<\/p><p class=\"w-post-elm post_custom_field usg_post_custom_field_2 type_text untertitel color_link_inherit\"><i class=\"fas fa-calendar-alt\"><\/i><span class=\"w-post-elm-value\">PREMIERE: Thursday, June 04, 2026, 5:00 PM, Theatre Ulm (Large House)<\/span><\/p><div class=\"w-post-elm post_custom_field usg_post_custom_field_1 type_text beschreibung color_link_inherit\"><span class=\"w-post-elm-value\">Opera in three acts, music and text by Richard Wagner, with German surtitles<\/span><\/div><div class=\"w-hwrapper usg_hwrapper_2 align_none valign_top wrap\" style=\"--hwrapper-gap:1.1rem\"><a class=\"w-btn us-btn-style_3 usg_btn_1\" target=\"_blank\" href=\"https:\/\/www.theater-ulm.de\/spielplan\/stuecke\/die-meistersinger-von-nuernberg\" rel=\"noopener\"><span class=\"w-btn-label\">FURTHER DATES<\/span><\/a><\/div><\/div><\/div>\t\t<\/div>\r\n\t\t\t<\/article>\r\n<\/div>\t<div class=\"w-grid-preloader\">\r\n\t\t<div class=\"g-preloader type_1\">\r\n\t\t\t<div><\/div>\r\n\t\t<\/div>\r\n\t<\/div>\r\n\t\t<div class=\"w-grid-json hidden\" onclick='return {&quot;action&quot;:&quot;us_ajax_grid&quot;,&quot;infinite_scroll&quot;:0,&quot;max_num_pages&quot;:1,&quot;pagination&quot;:&quot;none&quot;,&quot;template_vars&quot;:{&quot;columns&quot;:&quot;1&quot;,&quot;exclude_items&quot;:&quot;none&quot;,&quot;img_size&quot;:&quot;default&quot;,&quot;ignore_items_size&quot;:0,&quot;items_layout&quot;:&quot;232&quot;,&quot;items_offset&quot;:&quot;1&quot;,&quot;load_animation&quot;:&quot;none&quot;,&quot;overriding_link&quot;:&quot;%7B%22url%22%3A%22%22%7D&quot;,&quot;post_id&quot;:0,&quot;query_args&quot;:{&quot;post_type&quot;:[&quot;auftritt&quot;],&quot;tax_query&quot;:[{&quot;taxonomy&quot;:&quot;category&quot;,&quot;field&quot;:&quot;slug&quot;,&quot;terms&quot;:[&quot;auftritte&quot;]}],&quot;post_status&quot;:[&quot;publish&quot;,&quot;acf-disabled&quot;],&quot;posts_per_page&quot;:&quot;50&quot;},&quot;orderby_query_args&quot;:{&quot;orderby&quot;:{&quot;date&quot;:&quot;ASC&quot;}},&quot;type&quot;:&quot;grid&quot;,&quot;us_grid_post_type&quot;:&quot;auftritt&quot;,&quot;us_grid_ajax_index&quot;:1,&quot;us_grid_filter_query_string&quot;:null,&quot;us_grid_index&quot;:1,&quot;page_args&quot;:[],&quot;lang&quot;:&quot;en&quot;}}'><\/div>\r\n\t<\/div><\/div><\/div><\/div><\/div><\/div><\/section><section class=\"l-section wpb_row height_auto\"><div class=\"l-section-h i-cf\"><div class=\"g-cols vc_row via_flex valign_bottom type_default stacking_default\"><div class=\"vc_col-sm-12 wpb_column vc_column_container\"><div class=\"vc_column-inner us_custom_8fe65566\"><div class=\"wpb_wrapper\"><div class=\"g-cols wpb_row us_custom_ed1c5065 via_flex valign_bottom type_boxes stacking_default\"><div class=\"vc_col-sm-4 wpb_column vc_column_container has_bg_color\"><div class=\"vc_column-inner us_custom_d688287d\"><div class=\"wpb_wrapper\"><h3 class=\"w-text us_custom_e9d84375 has_text_color\"><span class=\"w-text-h\"><span class=\"w-text-value\">Upcoming Concerts<\/span><\/span><\/h3><\/div><\/div><\/div><div class=\"vc_col-sm-8 wpb_column vc_column_container\"><div class=\"vc_column-inner\"><div class=\"wpb_wrapper\"><\/div><\/div><\/div><\/div><\/div><\/div><\/div><\/div><\/div><\/section><section class=\"l-section wpb_row height_medium\"><div class=\"l-section-h i-cf\"><div class=\"g-cols vc_row via_flex valign_top type_default stacking_default\"><div class=\"vc_col-sm-12 wpb_column vc_column_container\"><div class=\"vc_column-inner\"><div class=\"wpb_wrapper\"><div class=\"w-grid us_grid type_grid layout_267 cols_1 preload_style_spinner\" id=\"us_grid_2\" style=\"--columns:1;--gap:1.5rem;\" data-filterable=\"true\"><style>.layout_267 .w-grid-item-h{}@media(max-width:599px){.layout_267 .usg_post_image_1{display:none!important}}.layout_267 .usg_post_image_1{width:150px!important}.layout_267 .usg_vwrapper_1{padding-left:20px!important;padding-bottom:50px!important}.layout_267 .usg_post_title_1{font-size:20px!important;font-weight:600!important;padding:0!important;margin:0!important}@media (min-width:1025px) and (max-width:1380px){.layout_267 .usg_vwrapper_1{padding-left:20px!important}}@media (min-width:601px) and (max-width:1024px){.layout_267 .usg_vwrapper_1{padding-left:20px!important}}@media (max-width:600px){.layout_267 .usg_vwrapper_1{padding-left:0!important}}<\/style><div class=\"w-grid-list\">\t<article class=\"w-grid-item size_1x1 post-2047 auftritt type-auftritt status-publish has-post-thumbnail hentry category-sonstige-auftritte-en\" data-id=\"2047\">\r\n\t\t<div class=\"w-grid-item-h\">\r\n\t\t\t\t\t\t<div class=\"w-hwrapper usg_hwrapper_1 align_none valign_center\" style=\"--hwrapper-gap:1.9rem\"><div class=\"w-post-elm post_image usg_post_image_1 has_width\"><img loading=\"lazy\" decoding=\"async\" width=\"593\" height=\"593\" src=\"https:\/\/www.marynazubko.com\/wp-content\/uploads\/2024\/05\/MZ_Pop_R8.jpg\" class=\"attachment-full size-full wp-post-image\" alt=\"\" srcset=\"https:\/\/www.marynazubko.com\/wp-content\/uploads\/2024\/05\/MZ_Pop_R8.jpg 593w, https:\/\/www.marynazubko.com\/wp-content\/uploads\/2024\/05\/MZ_Pop_R8-300x300.jpg 300w, https:\/\/www.marynazubko.com\/wp-content\/uploads\/2024\/05\/MZ_Pop_R8-150x150.jpg 150w\" sizes=\"auto, (max-width: 593px) 100vw, 593px\" \/><\/div><div class=\"w-vwrapper usg_vwrapper_1 align_none valign_top\" style=\"--vwrapper-gap:1.4rem\"><span class=\"w-post-elm post_title usg_post_title_1 entry-title color_link_inherit\">OPERA GALA<\/span><p class=\"w-post-elm post_custom_field usg_post_custom_field_2 type_text datum_2 color_link_inherit\"><i class=\"fas fa-calendar-alt\"><\/i><span class=\"w-post-elm-value\">April 18, 2026<\/span><\/p><div class=\"w-post-elm post_custom_field usg_post_custom_field_1 type_text beschreibung_2 color_link_inherit\"><span class=\"w-post-elm-value\">Bingen, with the Frankfurt Symphony<\/span><\/div><\/div><\/div>\t\t<\/div>\r\n\t\t\t<\/article>\r\n\t<article class=\"w-grid-item size_1x1 post-1894 auftritt type-auftritt status-publish has-post-thumbnail hentry category-sonstige-auftritte-en\" data-id=\"1894\">\r\n\t\t<div class=\"w-grid-item-h\">\r\n\t\t\t\t\t\t<div class=\"w-hwrapper usg_hwrapper_1 align_none valign_center\" style=\"--hwrapper-gap:1.9rem\"><div class=\"w-post-elm post_image usg_post_image_1 has_width\"><img loading=\"lazy\" decoding=\"async\" width=\"593\" height=\"593\" src=\"https:\/\/www.marynazubko.com\/wp-content\/uploads\/2024\/05\/MZ_Pop_R7.jpg\" class=\"attachment-full size-full wp-post-image\" alt=\"\" srcset=\"https:\/\/www.marynazubko.com\/wp-content\/uploads\/2024\/05\/MZ_Pop_R7.jpg 593w, https:\/\/www.marynazubko.com\/wp-content\/uploads\/2024\/05\/MZ_Pop_R7-300x300.jpg 300w, https:\/\/www.marynazubko.com\/wp-content\/uploads\/2024\/05\/MZ_Pop_R7-150x150.jpg 150w\" sizes=\"auto, (max-width: 593px) 100vw, 593px\" \/><\/div><div class=\"w-vwrapper usg_vwrapper_1 align_none valign_top\" style=\"--vwrapper-gap:1.4rem\"><span class=\"w-post-elm post_title usg_post_title_1 entry-title color_link_inherit\">CASTLE CONCERT<\/span><p class=\"w-post-elm post_custom_field usg_post_custom_field_2 type_text datum_2 color_link_inherit\"><i class=\"fas fa-calendar-alt\"><\/i><span class=\"w-post-elm-value\">July 25, 2026<\/span><\/p><div class=\"w-post-elm post_custom_field usg_post_custom_field_1 type_text beschreibung_2 color_link_inherit\"><span class=\"w-post-elm-value\">Mudau, Castle Waldleiningen, with the Frankfurt Symphony<\/span><\/div><\/div><\/div>\t\t<\/div>\r\n\t\t\t<\/article>\r\n\t<article class=\"w-grid-item size_1x1 post-1893 auftritt type-auftritt status-publish has-post-thumbnail hentry category-sonstige-auftritte-en\" data-id=\"1893\">\r\n\t\t<div class=\"w-grid-item-h\">\r\n\t\t\t\t\t\t<div class=\"w-hwrapper usg_hwrapper_1 align_none valign_center\" style=\"--hwrapper-gap:1.9rem\"><div class=\"w-post-elm post_image usg_post_image_1 has_width\"><img loading=\"lazy\" decoding=\"async\" width=\"593\" height=\"593\" src=\"https:\/\/www.marynazubko.com\/wp-content\/uploads\/2024\/05\/MZ_Pop_R6.jpg\" class=\"attachment-full size-full wp-post-image\" alt=\"\" srcset=\"https:\/\/www.marynazubko.com\/wp-content\/uploads\/2024\/05\/MZ_Pop_R6.jpg 593w, https:\/\/www.marynazubko.com\/wp-content\/uploads\/2024\/05\/MZ_Pop_R6-300x300.jpg 300w, https:\/\/www.marynazubko.com\/wp-content\/uploads\/2024\/05\/MZ_Pop_R6-150x150.jpg 150w\" sizes=\"auto, (max-width: 593px) 100vw, 593px\" \/><\/div><div class=\"w-vwrapper usg_vwrapper_1 align_none valign_top\" style=\"--vwrapper-gap:1.4rem\"><span class=\"w-post-elm post_title usg_post_title_1 entry-title color_link_inherit\">CLASSICS UNDER STARS<\/span><p class=\"w-post-elm post_custom_field usg_post_custom_field_2 type_text datum_2 color_link_inherit\"><i class=\"fas fa-calendar-alt\"><\/i><span class=\"w-post-elm-value\">August 01, 2026<\/span><\/p><div class=\"w-post-elm post_custom_field usg_post_custom_field_1 type_text beschreibung_2 color_link_inherit\"><span class=\"w-post-elm-value\">Nidderau-Heldenbergen, Oberburg, with the Frankfurt Symphony<\/span><\/div><\/div><\/div>\t\t<\/div>\r\n\t\t\t<\/article>\r\n\t<article class=\"w-grid-item size_1x1 post-2254 auftritt type-auftritt status-publish has-post-thumbnail hentry category-sonstige-auftritte-en\" data-id=\"2254\">\r\n\t\t<div class=\"w-grid-item-h\">\r\n\t\t\t\t\t\t<div class=\"w-hwrapper usg_hwrapper_1 align_none valign_center\" style=\"--hwrapper-gap:1.9rem\"><div class=\"w-post-elm post_image usg_post_image_1 has_width\"><img loading=\"lazy\" decoding=\"async\" width=\"593\" height=\"593\" src=\"https:\/\/www.marynazubko.com\/wp-content\/uploads\/2024\/05\/MZ_Pop_R5.jpg\" class=\"attachment-full size-full wp-post-image\" alt=\"\" srcset=\"https:\/\/www.marynazubko.com\/wp-content\/uploads\/2024\/05\/MZ_Pop_R5.jpg 593w, https:\/\/www.marynazubko.com\/wp-content\/uploads\/2024\/05\/MZ_Pop_R5-300x300.jpg 300w, https:\/\/www.marynazubko.com\/wp-content\/uploads\/2024\/05\/MZ_Pop_R5-150x150.jpg 150w\" sizes=\"auto, (max-width: 593px) 100vw, 593px\" \/><\/div><div class=\"w-vwrapper usg_vwrapper_1 align_none valign_top\" style=\"--vwrapper-gap:1.4rem\"><span class=\"w-post-elm post_title usg_post_title_1 entry-title color_link_inherit\">VERDI REQUIEM<\/span><p class=\"w-post-elm post_custom_field usg_post_custom_field_2 type_text datum_2 color_link_inherit\"><i class=\"fas fa-calendar-alt\"><\/i><span class=\"w-post-elm-value\">August 13 \/ August 14 \/ August 16 \/ August 17 \/ August 19, 2026<\/span><\/p><div class=\"w-post-elm post_custom_field usg_post_custom_field_1 type_text beschreibung_2 color_link_inherit\"><span class=\"w-post-elm-value\">Biberach \/ Stuttgart \/ Ravensburg \/ Wiblingen \/ Ochsenhausen<\/span><\/div><\/div><\/div>\t\t<\/div>\r\n\t\t\t<\/article>\r\n\t<article class=\"w-grid-item size_1x1 post-2243 auftritt type-auftritt status-publish has-post-thumbnail hentry category-sonstige-auftritte-en\" data-id=\"2243\">\r\n\t\t<div class=\"w-grid-item-h\">\r\n\t\t\t\t\t\t<div class=\"w-hwrapper usg_hwrapper_1 align_none valign_center\" style=\"--hwrapper-gap:1.9rem\"><div class=\"w-post-elm post_image usg_post_image_1 has_width\"><img loading=\"lazy\" decoding=\"async\" width=\"593\" height=\"593\" src=\"https:\/\/www.marynazubko.com\/wp-content\/uploads\/2024\/05\/MZ_Pop_R4.jpg\" class=\"attachment-full size-full wp-post-image\" alt=\"\" srcset=\"https:\/\/www.marynazubko.com\/wp-content\/uploads\/2024\/05\/MZ_Pop_R4.jpg 593w, https:\/\/www.marynazubko.com\/wp-content\/uploads\/2024\/05\/MZ_Pop_R4-300x300.jpg 300w, https:\/\/www.marynazubko.com\/wp-content\/uploads\/2024\/05\/MZ_Pop_R4-150x150.jpg 150w\" sizes=\"auto, (max-width: 593px) 100vw, 593px\" \/><\/div><div class=\"w-vwrapper usg_vwrapper_1 align_none valign_top\" style=\"--vwrapper-gap:1.4rem\"><span class=\"w-post-elm post_title usg_post_title_1 entry-title color_link_inherit\">RECITAL<\/span><p class=\"w-post-elm post_custom_field usg_post_custom_field_2 type_text datum_2 color_link_inherit\"><i class=\"fas fa-calendar-alt\"><\/i><span class=\"w-post-elm-value\">October 17, 2026<\/span><\/p><div class=\"w-post-elm post_custom_field usg_post_custom_field_1 type_text beschreibung_2 color_link_inherit\"><span class=\"w-post-elm-value\">Augsburg, Rokokosaal der Regierung von Schwaben<\/span><\/div><\/div><\/div>\t\t<\/div>\r\n\t\t\t<\/article>\r\n\t<article class=\"w-grid-item size_1x1 post-2141 auftritt type-auftritt status-publish has-post-thumbnail hentry category-sonstige-auftritte-en\" data-id=\"2141\">\r\n\t\t<div class=\"w-grid-item-h\">\r\n\t\t\t\t\t\t<div class=\"w-hwrapper usg_hwrapper_1 align_none valign_center\" style=\"--hwrapper-gap:1.9rem\"><div class=\"w-post-elm post_image usg_post_image_1 has_width\"><img loading=\"lazy\" decoding=\"async\" width=\"593\" height=\"593\" src=\"https:\/\/www.marynazubko.com\/wp-content\/uploads\/2024\/05\/MZ_Pop_R1.jpg\" class=\"attachment-full size-full wp-post-image\" alt=\"\" srcset=\"https:\/\/www.marynazubko.com\/wp-content\/uploads\/2024\/05\/MZ_Pop_R1.jpg 593w, https:\/\/www.marynazubko.com\/wp-content\/uploads\/2024\/05\/MZ_Pop_R1-300x300.jpg 300w, https:\/\/www.marynazubko.com\/wp-content\/uploads\/2024\/05\/MZ_Pop_R1-150x150.jpg 150w\" sizes=\"auto, (max-width: 593px) 100vw, 593px\" \/><\/div><div class=\"w-vwrapper usg_vwrapper_1 align_none valign_top\" style=\"--vwrapper-gap:1.4rem\"><span class=\"w-post-elm post_title usg_post_title_1 entry-title color_link_inherit\">ANTON\u00cdN DVO\u0158\u00c1K: REQUIEM B-FLAT MINOR, OP. 89<\/span><p class=\"w-post-elm post_custom_field usg_post_custom_field_2 type_text datum_2 color_link_inherit\"><i class=\"fas fa-calendar-alt\"><\/i><span class=\"w-post-elm-value\">November 20, 2026<\/span><\/p><div class=\"w-post-elm post_custom_field usg_post_custom_field_1 type_text beschreibung_2 color_link_inherit\"><span class=\"w-post-elm-value\">Jena, Volkshaus (Ernst-Abbe-Saal), with the Jenaer Philharmonie<\/span><\/div><\/div><\/div>\t\t<\/div>\r\n\t\t\t<\/article>\r\n\t<article class=\"w-grid-item size_1x1 post-1834 auftritt type-auftritt status-publish has-post-thumbnail hentry category-sonstige-auftritte-en\" data-id=\"1834\">\r\n\t\t<div class=\"w-grid-item-h\">\r\n\t\t\t\t\t\t<div class=\"w-hwrapper usg_hwrapper_1 align_none valign_center\" style=\"--hwrapper-gap:1.9rem\"><div class=\"w-post-elm post_image usg_post_image_1 has_width\"><img loading=\"lazy\" decoding=\"async\" width=\"593\" height=\"593\" src=\"https:\/\/www.marynazubko.com\/wp-content\/uploads\/2024\/05\/MZ_Pop_R0.jpg\" class=\"attachment-full size-full wp-post-image\" alt=\"\" srcset=\"https:\/\/www.marynazubko.com\/wp-content\/uploads\/2024\/05\/MZ_Pop_R0.jpg 593w, https:\/\/www.marynazubko.com\/wp-content\/uploads\/2024\/05\/MZ_Pop_R0-300x300.jpg 300w, https:\/\/www.marynazubko.com\/wp-content\/uploads\/2024\/05\/MZ_Pop_R0-150x150.jpg 150w\" sizes=\"auto, (max-width: 593px) 100vw, 593px\" \/><\/div><div class=\"w-vwrapper usg_vwrapper_1 align_none valign_top\" style=\"--vwrapper-gap:1.4rem\"><span class=\"w-post-elm post_title usg_post_title_1 entry-title color_link_inherit\">NEW YEAR&#8217;S CONCERTS 2027<\/span><p class=\"w-post-elm post_custom_field usg_post_custom_field_2 type_text datum_2 color_link_inherit\"><i class=\"fas fa-calendar-alt\"><\/i><span class=\"w-post-elm-value\">January 2027<\/span><\/p><div class=\"w-post-elm post_custom_field usg_post_custom_field_1 type_text beschreibung_2 color_link_inherit\"><span class=\"w-post-elm-value\">in the Rhine Main area with the Johann Strauss Orchestra Frankfurt<\/span><\/div><\/div><\/div>\t\t<\/div>\r\n\t\t\t<\/article>\r\n<\/div>\t<div class=\"w-grid-preloader\">\r\n\t\t<div class=\"g-preloader type_1\">\r\n\t\t\t<div><\/div>\r\n\t\t<\/div>\r\n\t<\/div>\r\n\t\t<div class=\"w-grid-json hidden\" onclick='return {&quot;action&quot;:&quot;us_ajax_grid&quot;,&quot;infinite_scroll&quot;:0,&quot;max_num_pages&quot;:1,&quot;pagination&quot;:&quot;none&quot;,&quot;template_vars&quot;:{&quot;columns&quot;:&quot;1&quot;,&quot;exclude_items&quot;:&quot;none&quot;,&quot;img_size&quot;:&quot;default&quot;,&quot;ignore_items_size&quot;:0,&quot;items_layout&quot;:&quot;267&quot;,&quot;items_offset&quot;:&quot;1&quot;,&quot;load_animation&quot;:&quot;none&quot;,&quot;overriding_link&quot;:&quot;%7B%22url%22%3A%22%22%7D&quot;,&quot;post_id&quot;:0,&quot;query_args&quot;:{&quot;post_type&quot;:[&quot;auftritt&quot;],&quot;tax_query&quot;:[{&quot;taxonomy&quot;:&quot;category&quot;,&quot;field&quot;:&quot;slug&quot;,&quot;terms&quot;:[&quot;sonstige-auftritte-en&quot;]}],&quot;post_status&quot;:[&quot;publish&quot;,&quot;acf-disabled&quot;],&quot;posts_per_page&quot;:&quot;50&quot;},&quot;orderby_query_args&quot;:{&quot;orderby&quot;:{&quot;date&quot;:&quot;ASC&quot;}},&quot;type&quot;:&quot;grid&quot;,&quot;us_grid_post_type&quot;:&quot;auftritt&quot;,&quot;us_grid_ajax_index&quot;:2,&quot;us_grid_filter_query_string&quot;:null,&quot;us_grid_index&quot;:2,&quot;page_args&quot;:[],&quot;lang&quot;:&quot;en&quot;}}'><\/div>\r\n\t<\/div><\/div><\/div><\/div><\/div><\/div><\/section>\n","protected":false},"excerpt":{"rendered":"","protected":false},"author":1,"featured_media":0,"parent":0,"menu_order":0,"comment_status":"closed","ping_status":"closed","template":"","meta":{"_acf_changed":false,"footnotes":""},"class_list":["post-1007","page","type-page","status-publish","hentry"],"acf":[],"_links":{"self":[{"href":"https:\/\/www.marynazubko.com\/en\/wp-json\/wp\/v2\/pages\/1007","targetHints":{"allow":["GET"]}}],"collection":[{"href":"https:\/\/www.marynazubko.com\/en\/wp-json\/wp\/v2\/pages"}],"about":[{"href":"https:\/\/www.marynazubko.com\/en\/wp-json\/wp\/v2\/types\/page"}],"author":[{"embeddable":true,"href":"https:\/\/www.marynazubko.com\/en\/wp-json\/wp\/v2\/users\/1"}],"replies":[{"embeddable":true,"href":"https:\/\/www.marynazubko.com\/en\/wp-json\/wp\/v2\/comments?post=1007"}],"version-history":[{"count":10,"href":"https:\/\/www.marynazubko.com\/en\/wp-json\/wp\/v2\/pages\/1007\/revisions"}],"predecessor-version":[{"id":1879,"href":"https:\/\/www.marynazubko.com\/en\/wp-json\/wp\/v2\/pages\/1007\/revisions\/1879"}],"wp:attachment":[{"href":"https:\/\/www.marynazubko.com\/en\/wp-json\/wp\/v2\/media?parent=1007"}],"curies":[{"name":"wp","href":"https:\/\/api.w.org\/{rel}","templated":true}]}}